{"id":3,"date":"2023-05-02T16:42:16","date_gmt":"2023-05-02T19:42:16","guid":{"rendered":"https:\/\/limtecseguranca.com.br\/site\/?page_id=3"},"modified":"2026-04-16T19:43:26","modified_gmt":"2026-04-16T22:43:26","slug":"politica-de-privacidade","status":"publish","type":"page","link":"https:\/\/limtecseguranca.com.br\/index.php\/politica-de-privacidade\/","title":{"rendered":"Politica de Privacidade"},"content":{"rendered":"<p>[et_pb_section fb_built=&#8221;1&#8243; admin_label=&#8221;section&#8221; _builder_version=&#8221;4.7.7&#8243;][et_pb_row admin_label=&#8221;row&#8221; _builder_version=&#8221;3.25&#8243; background_size=&#8221;initial&#8221; background_position=&#8221;top_left&#8221; background_repeat=&#8221;repeat&#8221;][et_pb_column type=&#8221;4_4&#8243; _builder_version=&#8221;3.25&#8243; custom_padding=&#8221;|||&#8221; custom_padding__hover=&#8221;|||&#8221;][et_pb_text admin_label=&#8221;Text&#8221; _builder_version=&#8221;4.7.7&#8243; background_size=&#8221;initial&#8221; background_position=&#8221;top_left&#8221; background_repeat=&#8221;repeat&#8221; hover_enabled=&#8221;0&#8243; sticky_enabled=&#8221;0&#8243;]<\/p>\n<h1 class=\"western\" lang=\"pt-BR\">Politica de Privacidade<\/h1>\n<p lang=\"pt-BR\">A Limtec Seguran\u00e7a e Tecnologia LTDA respeita a sua privacidade e est\u00e1 comprometida com a prote\u00e7\u00e3o dos dados pessoais, conforme a LGPD.<\/p>\n<p lang=\"pt-BR\">Coletamos dados como nome, telefone, e-mail e dados de navega\u00e7\u00e3o para presta\u00e7\u00e3o de servi\u00e7os, seguran\u00e7a e melhoria da experi\u00eancia.<\/p>\n<p lang=\"pt-BR\">Nos servi\u00e7os de portaria digital e monitoramento, podem ser tratados dados como imagens, registros de acesso e \u00e1udios, exclusivamente para seguran\u00e7a.<\/p>\n<p lang=\"pt-BR\">Nos servi\u00e7os de limpeza e facilities, os dados s\u00e3o utilizados apenas para gest\u00e3o operacional.<\/p>\n<p lang=\"pt-BR\">N\u00e3o comercializamos dados pessoais. Adotamos medidas de seguran\u00e7a para prote\u00e7\u00e3o das informa\u00e7\u00f5es.<\/p>\n<p lang=\"pt-BR\">O usu\u00e1rio pode solicitar acesso, corre\u00e7\u00e3o ou exclus\u00e3o de dados a qualquer momento.<\/p>\n<p lang=\"pt-BR\">Contato: WhatsApp (48) 3733-6542 | E-mail: contato@limtecseguranca.com.br<\/p>\n<h1 class=\"western\" lang=\"pt-BR\">Termos de Uso<\/h1>\n<p lang=\"pt-BR\">Ao acessar este site, o usu\u00e1rio concorda com estes termos.<\/p>\n<p lang=\"pt-BR\">O conte\u00fado do site \u00e9 informativo e pode ser atualizado sem aviso pr\u00e9vio.<\/p>\n<p lang=\"pt-BR\">\u00c9 proibido o uso indevido das informa\u00e7\u00f5es.<\/p>\n<p lang=\"pt-BR\">A Limtec n\u00e3o se responsabiliza por danos decorrentes do uso do site.<\/p>\n<p><span lang=\"pt-BR\">O uso dos servi\u00e7os est\u00e1 sujeito a contr<\/span>ato especifico.<\/p>\n<p>Foro: Palho\u00e7a\/SC.<\/p>\n<p>[\/et_pb_text][\/et_pb_column][\/et_pb_row][\/et_pb_section]<\/p>\n","protected":false},"excerpt":{"rendered":"<p>[et_pb_section fb_built=&#8221;1&#8243; admin_label=&#8221;section&#8221; _builder_version=&#8221;4.7.7&#8243;][et_pb_row admin_label=&#8221;row&#8221; _builder_version=&#8221;3.25&#8243; background_size=&#8221;initial&#8221; background_position=&#8221;top_left&#8221; background_repeat=&#8221;repeat&#8221;][et_pb_column type=&#8221;4_4&#8243; _builder_version=&#8221;3.25&#8243; custom_padding=&#8221;|||&#8221; custom_padding__hover=&#8221;|||&#8221;][et_pb_text admin_label=&#8221;Text&#8221; _builder_version=&#8221;4.7.7&#8243; background_size=&#8221;initial&#8221; background_position=&#8221;top_left&#8221; background_repeat=&#8221;repeat&#8221; hover_enabled=&#8221;0&#8243; sticky_enabled=&#8221;0&#8243;] Politica de Privacidade A Limtec Seguran\u00e7a e Tecnologia LTDA respeita a sua privacidade e est\u00e1 comprometida com a prote\u00e7\u00e3o dos dados pessoais, conforme a LGPD. Coletamos dados como nome, telefone, e-mail e dados de navega\u00e7\u00e3o [&hellip;]<\/p>\n","protected":false},"author":1,"featured_media":0,"parent":0,"menu_order":0,"comment_status":"closed","ping_status":"open","template":"","meta":{"_et_pb_use_builder":"on","_et_pb_old_content":"<p lang=\"pt-BR\">A Limtec Seguran\u00e7a e Tecnologia LTDA respeita a sua privacidade e est\u00e1 comprometida com a prote\u00e7\u00e3o dos dados pessoais, conforme a LGPD.<\/p>\r\n<p lang=\"pt-BR\">Coletamos dados como nome, telefone, e-mail e dados de navega\u00e7\u00e3o para presta\u00e7\u00e3o de servi\u00e7os, seguran\u00e7a e melhoria da experi\u00eancia.<\/p>\r\n<p lang=\"pt-BR\">Nos servi\u00e7os de portaria digital e monitoramento, podem ser tratados dados como imagens, registros de acesso e \u00e1udios, exclusivamente para seguran\u00e7a.<\/p>\r\n<p lang=\"pt-BR\">Nos servi\u00e7os de limpeza e facilities, os dados s\u00e3o utilizados apenas para gest\u00e3o operacional.<\/p>\r\n<p lang=\"pt-BR\">N\u00e3o comercializamos dados pessoais. Adotamos medidas de seguran\u00e7a para prote\u00e7\u00e3o das informa\u00e7\u00f5es.<\/p>\r\n<p lang=\"pt-BR\">O usu\u00e1rio pode solicitar acesso, corre\u00e7\u00e3o ou exclus\u00e3o de dados a qualquer momento.<\/p>\r\n<p lang=\"pt-BR\">Contato: WhatsApp (48) 3733-6542 | E-mail: contato@limtecseguranca.com.br<\/p>\r\n\r\n<h1 class=\"western\" lang=\"pt-BR\">Termos de Uso<\/h1>\r\n<p lang=\"pt-BR\">Ao acessar este site, o usu\u00e1rio concorda com estes termos.<\/p>\r\n<p lang=\"pt-BR\">O conte\u00fado do site \u00e9 informativo e pode ser atualizado sem aviso pr\u00e9vio.<\/p>\r\n<p lang=\"pt-BR\">\u00c9 proibido o uso indevido das informa\u00e7\u00f5es.<\/p>\r\n<p lang=\"pt-BR\">A Limtec n\u00e3o se responsabiliza por danos decorrentes do uso do site.<\/p>\r\n<span lang=\"pt-BR\">O uso dos servi\u00e7os est\u00e1 sujeito a contr<\/span>ato especifico.\r\n\r\nForo: Palho\u00e7a\/SC.","_et_gb_content_width":"","_joinchat":[],"footnotes":""},"class_list":["post-3","page","type-page","status-publish","hentry"],"_links":{"self":[{"href":"https:\/\/limtecseguranca.com.br\/index.php\/wp-json\/wp\/v2\/pages\/3","targetHints":{"allow":["GET"]}}],"collection":[{"href":"https:\/\/limtecseguranca.com.br\/index.php\/wp-json\/wp\/v2\/pages"}],"about":[{"href":"https:\/\/limtecseguranca.com.br\/index.php\/wp-json\/wp\/v2\/types\/page"}],"author":[{"embeddable":true,"href":"https:\/\/limtecseguranca.com.br\/index.php\/wp-json\/wp\/v2\/users\/1"}],"replies":[{"embeddable":true,"href":"https:\/\/limtecseguranca.com.br\/index.php\/wp-json\/wp\/v2\/comments?post=3"}],"version-history":[{"count":14,"href":"https:\/\/limtecseguranca.com.br\/index.php\/wp-json\/wp\/v2\/pages\/3\/revisions"}],"predecessor-version":[{"id":1300,"href":"https:\/\/limtecseguranca.com.br\/index.php\/wp-json\/wp\/v2\/pages\/3\/revisions\/1300"}],"wp:attachment":[{"href":"https:\/\/limtecseguranca.com.br\/index.php\/wp-json\/wp\/v2\/media?parent=3"}],"curies":[{"name":"wp","href":"https:\/\/api.w.org\/{rel}","templated":true}]}}